{"id":16,"date":"2021-08-25T08:27:02","date_gmt":"2021-08-25T08:27:02","guid":{"rendered":"https:\/\/nextgenciso-academy.es\/?page_id=16"},"modified":"2026-01-13T11:13:03","modified_gmt":"2026-01-13T11:13:03","slug":"la-certificacion","status":"publish","type":"page","link":"https:\/\/nextgenciso-academy.es\/?page_id=16","title":{"rendered":"La certificaci\u00f3n"},"content":{"rendered":"\t\t<div data-elementor-type=\"wp-page\" data-elementor-id=\"16\" class=\"elementor elementor-16\" data-elementor-settings=\"[]\">\n\t\t\t\t\t\t\t<div class=\"elementor-section-wrap\">\n\t\t\t\t\t\t\t<section class=\"elementor-section elementor-top-section elementor-element elementor-element-1fdf560d elementor-section-content-middle elementor-section-full_width elementor-section-stretched elementor-section-height-default elementor-section-height-default\" data-id=\"1fdf560d\" data-element_type=\"section\" data-settings=\"{&quot;background_background&quot;:&quot;classic&quot;,&quot;stretch_section&quot;:&quot;section-stretched&quot;}\">\n\t\t\t\t\t\t<div class=\"elementor-container elementor-column-gap-no\">\n\t\t\t\t\t<div class=\"elementor-column elementor-col-100 elementor-top-column elementor-element elementor-element-e02f985\" data-id=\"e02f985\" data-element_type=\"column\">\n\t\t\t<div class=\"elementor-widget-wrap elementor-element-populated\">\n\t\t\t\t\t\t\t\t<div class=\"elementor-element elementor-element-1a980097 elementor-widget elementor-widget-heading\" data-id=\"1a980097\" data-element_type=\"widget\" data-widget_type=\"heading.default\">\n\t\t\t\t<div class=\"elementor-widget-container\">\n\t\t\t<style>\/*! elementor - v3.5.4 - 23-01-2022 *\/\n.elementor-heading-title{padding:0;margin:0;line-height:1}.elementor-widget-heading .elementor-heading-title[class*=elementor-size-]>a{color:inherit;font-size:inherit;line-height:inherit}.elementor-widget-heading .elementor-heading-title.elementor-size-small{font-size:15px}.elementor-widget-heading .elementor-heading-title.elementor-size-medium{font-size:19px}.elementor-widget-heading .elementor-heading-title.elementor-size-large{font-size:29px}.elementor-widget-heading .elementor-heading-title.elementor-size-xl{font-size:39px}.elementor-widget-heading .elementor-heading-title.elementor-size-xxl{font-size:59px}<\/style><h2 class=\"elementor-heading-title elementor-size-medium\">La certificaci\u00f3n<\/h2>\t\t<\/div>\n\t\t\t\t<\/div>\n\t\t\t\t\t<\/div>\n\t\t<\/div>\n\t\t\t\t\t\t\t<\/div>\n\t\t<\/section>\n\t\t\t\t<section class=\"elementor-section elementor-top-section elementor-element elementor-element-3440ee09 elementor-section-content-middle elementor-section-height-full elementor-section-stretched elementor-section-boxed elementor-section-height-default elementor-section-items-middle\" data-id=\"3440ee09\" data-element_type=\"section\" data-settings=\"{&quot;stretch_section&quot;:&quot;section-stretched&quot;}\">\n\t\t\t\t\t\t<div class=\"elementor-container elementor-column-gap-extended\">\n\t\t\t\t\t<div class=\"elementor-column elementor-col-50 elementor-top-column elementor-element elementor-element-59f0dd7d\" data-id=\"59f0dd7d\" data-element_type=\"column\">\n\t\t\t<div class=\"elementor-widget-wrap elementor-element-populated\">\n\t\t\t\t\t\t\t\t<div class=\"elementor-element elementor-element-457d2b7c elementor-widget elementor-widget-image\" data-id=\"457d2b7c\" data-element_type=\"widget\" data-widget_type=\"image.default\">\n\t\t\t\t<div class=\"elementor-widget-container\">\n\t\t\t<style>\/*! elementor - v3.5.4 - 23-01-2022 *\/\n.elementor-widget-image{text-align:center}.elementor-widget-image a{display:inline-block}.elementor-widget-image a img[src$=\".svg\"]{width:48px}.elementor-widget-image img{vertical-align:middle;display:inline-block}<\/style>\t\t\t\t\t\t\t\t\t\t\t\t<img width=\"600\" height=\"600\" src=\"https:\/\/nextgenciso-academy.es\/wp-content\/uploads\/2026\/01\/insignia-tfoc.png\" class=\"attachment-full size-full\" alt=\"\" loading=\"lazy\" srcset=\"https:\/\/nextgenciso-academy.es\/wp-content\/uploads\/2026\/01\/insignia-tfoc.png 600w, https:\/\/nextgenciso-academy.es\/wp-content\/uploads\/2026\/01\/insignia-tfoc-300x300.png 300w, https:\/\/nextgenciso-academy.es\/wp-content\/uploads\/2026\/01\/insignia-tfoc-150x150.png 150w\" sizes=\"(max-width: 600px) 100vw, 600px\" \/>\t\t\t\t\t\t\t\t\t\t\t\t\t\t\t<\/div>\n\t\t\t\t<\/div>\n\t\t\t\t\t<\/div>\n\t\t<\/div>\n\t\t\t\t<div class=\"elementor-column elementor-col-50 elementor-top-column elementor-element elementor-element-1c451e3c\" data-id=\"1c451e3c\" data-element_type=\"column\">\n\t\t\t<div class=\"elementor-widget-wrap elementor-element-populated\">\n\t\t\t\t\t\t\t\t<div class=\"elementor-element elementor-element-67f81d6f elementor-widget elementor-widget-heading\" data-id=\"67f81d6f\" data-element_type=\"widget\" data-widget_type=\"heading.default\">\n\t\t\t\t<div class=\"elementor-widget-container\">\n\t\t\t<h4 class=\"elementor-heading-title elementor-size-default\">Certificaci\u00f3n \nTrust-Formation Officer<\/h4>\t\t<\/div>\n\t\t\t\t<\/div>\n\t\t\t\t<div class=\"elementor-element elementor-element-4f2e330a elementor-widget elementor-widget-text-editor\" data-id=\"4f2e330a\" data-element_type=\"widget\" data-widget_type=\"text-editor.default\">\n\t\t\t\t<div class=\"elementor-widget-container\">\n\t\t\t<style>\/*! elementor - v3.5.4 - 23-01-2022 *\/\n.elementor-widget-text-editor.elementor-drop-cap-view-stacked .elementor-drop-cap{background-color:#818a91;color:#fff}.elementor-widget-text-editor.elementor-drop-cap-view-framed .elementor-drop-cap{color:#818a91;border:3px solid;background-color:transparent}.elementor-widget-text-editor:not(.elementor-drop-cap-view-default) .elementor-drop-cap{margin-top:8px}.elementor-widget-text-editor:not(.elementor-drop-cap-view-default) .elementor-drop-cap-letter{width:1em;height:1em}.elementor-widget-text-editor .elementor-drop-cap{float:left;text-align:center;line-height:1;font-size:50px}.elementor-widget-text-editor .elementor-drop-cap-letter{display:inline-block}<\/style>\t\t\t\t<p>Se trata de la <strong data-start=\"160\" data-end=\"211\">primera certificaci\u00f3n espa\u00f1ola dirigida al CISO<\/strong>, cuyo desarrollo inicial (2021-2025) permiti\u00f3 evaluar y fortalecer las competencias clave de la figura del Director de Seguridad de la Informaci\u00f3n en un contexto de negocio y tecnolog\u00eda en constante cambio.<\/p><p>La certificaci\u00f3n toma un <strong data-start=\"454\" data-end=\"469\">rumbo<\/strong>\u00a0en el que incorpora un enfoque estrat\u00e9gico en <strong data-start=\"510\" data-end=\"537\">Inteligencia Artificial<\/strong>, tecnolog\u00edas emergentes y otras necesidades cr\u00edticas del CISO actual, como la gobernanza, la resiliencia organizativa y la relaci\u00f3n con el C-Level.<\/p><p>La obtenci\u00f3n de la certificaci\u00f3n acredita el <strong data-start=\"734\" data-end=\"800\">reconocimiento profesional del ejercicio de la funci\u00f3n de CISO<\/strong> mediante un modelo modular, evaluando competencias en cada \u00e1rea y comprendiendo los siguientes dominios:<\/p><p>\u00a0<\/p><ol data-start=\"909\" data-end=\"1578\"><li data-start=\"909\" data-end=\"990\"><strong data-start=\"912\" data-end=\"935\">Cloud Cybersecurity<\/strong>\u00a0<\/li><li data-start=\"991\" data-end=\"1086\"><strong data-start=\"994\" data-end=\"1020\">Continuidad de Negocio<\/strong>\u00a0<\/li><li data-start=\"1087\" data-end=\"1190\"><strong data-start=\"1090\" data-end=\"1141\">Transformaci\u00f3n Digital<\/strong><\/li><li data-start=\"1191\" data-end=\"1291\"><strong data-start=\"1194\" data-end=\"1235\">GRC (Gobierno, Riesgo y Cumplimiento)<\/strong><\/li><li data-start=\"1292\" data-end=\"1402\"><strong data-start=\"1295\" data-end=\"1323\">CISO C-Level Soft Skills<\/strong>\u00a0<\/li><li data-start=\"1403\" data-end=\"1578\"><strong data-start=\"1406\" data-end=\"1450\">Inteligencia Artificial y Ciberseguridad<\/strong><\/li><\/ol>\t\t\t\t\t\t<\/div>\n\t\t\t\t<\/div>\n\t\t\t\t\t<\/div>\n\t\t<\/div>\n\t\t\t\t\t\t\t<\/div>\n\t\t<\/section>\n\t\t\t\t<section class=\"elementor-section elementor-top-section elementor-element elementor-element-4159c159 elementor-section-height-min-height elementor-section-boxed elementor-section-height-default elementor-section-items-middle\" data-id=\"4159c159\" data-element_type=\"section\">\n\t\t\t\t\t\t<div class=\"elementor-container elementor-column-gap-extended\">\n\t\t\t\t\t<div class=\"elementor-column elementor-col-50 elementor-top-column elementor-element elementor-element-5c909b83\" data-id=\"5c909b83\" data-element_type=\"column\">\n\t\t\t<div class=\"elementor-widget-wrap elementor-element-populated\">\n\t\t\t\t\t\t\t\t<div class=\"elementor-element elementor-element-291a0ccb elementor-view-framed elementor-position-left elementor-vertical-align-middle elementor-shape-circle elementor-widget elementor-widget-icon-box\" data-id=\"291a0ccb\" data-element_type=\"widget\" data-widget_type=\"icon-box.default\">\n\t\t\t\t<div class=\"elementor-widget-container\">\n\t\t\t<style>\/*! elementor - v3.5.4 - 23-01-2022 *\/\n@media (min-width:768px){.elementor-widget-icon-box.elementor-position-left .elementor-icon-box-wrapper,.elementor-widget-icon-box.elementor-position-right .elementor-icon-box-wrapper{display:-webkit-box;display:-ms-flexbox;display:flex}.elementor-widget-icon-box.elementor-position-left .elementor-icon-box-icon,.elementor-widget-icon-box.elementor-position-right .elementor-icon-box-icon{display:-webkit-inline-box;display:-ms-inline-flexbox;display:inline-flex;-webkit-box-flex:0;-ms-flex:0 0 auto;flex:0 0 auto}.elementor-widget-icon-box.elementor-position-right .elementor-icon-box-wrapper{text-align:right;-webkit-box-orient:horizontal;-webkit-box-direction:reverse;-ms-flex-direction:row-reverse;flex-direction:row-reverse}.elementor-widget-icon-box.elementor-position-left .elementor-icon-box-wrapper{text-align:left;-webkit-box-orient:horizontal;-webkit-box-direction:normal;-ms-flex-direction:row;flex-direction:row}.elementor-widget-icon-box.elementor-position-top .elementor-icon-box-img{margin:auto}.elementor-widget-icon-box.elementor-vertical-align-top .elementor-icon-box-wrapper{-webkit-box-align:start;-ms-flex-align:start;align-items:flex-start}.elementor-widget-icon-box.elementor-vertical-align-middle .elementor-icon-box-wrapper{-webkit-box-align:center;-ms-flex-align:center;align-items:center}.elementor-widget-icon-box.elementor-vertical-align-bottom .elementor-icon-box-wrapper{-webkit-box-align:end;-ms-flex-align:end;align-items:flex-end}}@media (max-width:767px){.elementor-widget-icon-box .elementor-icon-box-icon{margin-left:auto!important;margin-right:auto!important;margin-bottom:15px}}.elementor-widget-icon-box .elementor-icon-box-wrapper{text-align:center}.elementor-widget-icon-box .elementor-icon-box-title a{color:inherit}.elementor-widget-icon-box .elementor-icon-box-content{-webkit-box-flex:1;-ms-flex-positive:1;flex-grow:1}.elementor-widget-icon-box .elementor-icon-box-description{margin:0}<\/style>\t\t<div class=\"elementor-icon-box-wrapper\">\n\t\t\t\t\t\t<div class=\"elementor-icon-box-icon\">\n\t\t\t\t<span class=\"elementor-icon elementor-animation-\" >\n\t\t\t\t<i aria-hidden=\"true\" class=\"fas fa-book\"><\/i>\t\t\t\t<\/span>\n\t\t\t<\/div>\n\t\t\t\t\t\t<div class=\"elementor-icon-box-content\">\n\t\t\t\t<h3 class=\"elementor-icon-box-title\">\n\t\t\t\t\t<span  >\n\t\t\t\t\t\tFORMACI\u00d3N\t\t\t\t\t<\/span>\n\t\t\t\t<\/h3>\n\t\t\t\t\t\t\t\t\t<p class=\"elementor-icon-box-description\">\n\t\t\t\t\t\t<div style=\"color: rgb(0, 0, 0); white-space-collapse: collapse; font-family: &quot;Segoe UI&quot;; font-size: 14px; line-height: 20px;\"><p>Realiza los contenidos especializados y sesiones formativas sobre cada materia. El objetivo es adquirir conocimientos s\u00f3lidos antes de avanzar a la siguiente fase.<span style=\"color: rgb(76, 76, 76); font-family: Roboto, sans-serif; font-size: 17px; letter-spacing: 0px; white-space-collapse: preserve;\"><\/span><\/p><\/div><br>\t\t\t\t\t<\/p>\n\t\t\t\t\t\t\t<\/div>\n\t\t<\/div>\n\t\t\t\t<\/div>\n\t\t\t\t<\/div>\n\t\t\t\t<div class=\"elementor-element elementor-element-2ee4183e elementor-view-framed elementor-position-left elementor-vertical-align-middle elementor-shape-circle elementor-widget elementor-widget-icon-box\" data-id=\"2ee4183e\" data-element_type=\"widget\" data-widget_type=\"icon-box.default\">\n\t\t\t\t<div class=\"elementor-widget-container\">\n\t\t\t\t\t<div class=\"elementor-icon-box-wrapper\">\n\t\t\t\t\t\t<div class=\"elementor-icon-box-icon\">\n\t\t\t\t<span class=\"elementor-icon elementor-animation-\" >\n\t\t\t\t<i aria-hidden=\"true\" class=\"fas fa-thumbs-up\"><\/i>\t\t\t\t<\/span>\n\t\t\t<\/div>\n\t\t\t\t\t\t<div class=\"elementor-icon-box-content\">\n\t\t\t\t<h3 class=\"elementor-icon-box-title\">\n\t\t\t\t\t<span  >\n\t\t\t\t\t\tEXAMINACI\u00d3N\t\t\t\t\t<\/span>\n\t\t\t\t<\/h3>\n\t\t\t\t\t\t\t\t\t<p class=\"elementor-icon-box-description\">\n\t\t\t\t\t\t<div style=\"color: rgb(0, 0, 0); white-space-collapse: collapse; font-family: &quot;Segoe UI&quot;; font-size: 14px; line-height: 20px;\"><p>Completa una evaluaci\u00f3n individual para validar la comprensi\u00f3n de la materia. El examen ser\u00e1 requisito indispensable para continuar el proceso.<span style=\"color: rgb(76, 76, 76); font-family: Roboto, sans-serif; font-size: 17px; letter-spacing: 0px; white-space-collapse: preserve;\"><\/span><\/p><\/div>\t\t\t\t\t<\/p>\n\t\t\t\t\t\t\t<\/div>\n\t\t<\/div>\n\t\t\t\t<\/div>\n\t\t\t\t<\/div>\n\t\t\t\t\t<\/div>\n\t\t<\/div>\n\t\t\t\t<div class=\"elementor-column elementor-col-50 elementor-top-column elementor-element elementor-element-27c9f4b\" data-id=\"27c9f4b\" data-element_type=\"column\">\n\t\t\t<div class=\"elementor-widget-wrap elementor-element-populated\">\n\t\t\t\t\t\t\t\t<div class=\"elementor-element elementor-element-322f8e77 elementor-view-framed elementor-position-left elementor-vertical-align-middle elementor-shape-circle elementor-widget elementor-widget-icon-box\" data-id=\"322f8e77\" data-element_type=\"widget\" data-widget_type=\"icon-box.default\">\n\t\t\t\t<div class=\"elementor-widget-container\">\n\t\t\t\t\t<div class=\"elementor-icon-box-wrapper\">\n\t\t\t\t\t\t<div class=\"elementor-icon-box-icon\">\n\t\t\t\t<span class=\"elementor-icon elementor-animation-\" >\n\t\t\t\t<i aria-hidden=\"true\" class=\"fas fa-briefcase\"><\/i>\t\t\t\t<\/span>\n\t\t\t<\/div>\n\t\t\t\t\t\t<div class=\"elementor-icon-box-content\">\n\t\t\t\t<h3 class=\"elementor-icon-box-title\">\n\t\t\t\t\t<span  >\n\t\t\t\t\t\tTRABAJO MODULAR\t\t\t\t\t<\/span>\n\t\t\t\t<\/h3>\n\t\t\t\t\t\t\t\t\t<p class=\"elementor-icon-box-description\">\n\t\t\t\t\t\t<div style=\"color: rgb(0, 0, 0); white-space-collapse: collapse; font-family: &quot;Segoe UI&quot;; font-size: 14px; line-height: 20px;\"><p>Demuestra tu experiencia mediante alguno de los siguientes:<\/p><ul><li><strong>Art\u00edculo<\/strong>: publicaci\u00f3n en medio relevante.<\/li><li><strong>Ponencia<\/strong>: presentaci\u00f3n individual en evento.<\/li><li><strong>Proyecto interno<\/strong>: evidencias de tu trabajo.<\/li><li><strong>Proyecto ISMS Forum<\/strong>: colaboraci\u00f3n en proyectos.<\/li><\/ul><\/div>\t\t\t\t\t<\/p>\n\t\t\t\t\t\t\t<\/div>\n\t\t<\/div>\n\t\t\t\t<\/div>\n\t\t\t\t<\/div>\n\t\t\t\t<div class=\"elementor-element elementor-element-4a3f2758 elementor-view-framed elementor-position-left elementor-vertical-align-middle elementor-shape-circle elementor-widget elementor-widget-icon-box\" data-id=\"4a3f2758\" data-element_type=\"widget\" data-widget_type=\"icon-box.default\">\n\t\t\t\t<div class=\"elementor-widget-container\">\n\t\t\t\t\t<div class=\"elementor-icon-box-wrapper\">\n\t\t\t\t\t\t<div class=\"elementor-icon-box-icon\">\n\t\t\t\t<span class=\"elementor-icon elementor-animation-\" >\n\t\t\t\t<i aria-hidden=\"true\" class=\"fas fa-certificate\"><\/i>\t\t\t\t<\/span>\n\t\t\t<\/div>\n\t\t\t\t\t\t<div class=\"elementor-icon-box-content\">\n\t\t\t\t<h3 class=\"elementor-icon-box-title\">\n\t\t\t\t\t<span  >\n\t\t\t\t\t\tCERTIFICACI\u00d3N\t\t\t\t\t<\/span>\n\t\t\t\t<\/h3>\n\t\t\t\t\t\t\t\t\t<p class=\"elementor-icon-box-description\">\n\t\t\t\t\t\t<div style=\"color: rgb(0, 0, 0); white-space-collapse: collapse; font-family: &quot;Segoe UI&quot;; font-size: 14px; line-height: 20px;\"><p>Tras completar todos los m\u00f3dulos y validaciones, obtendr\u00e1s la certificaci\u00f3n CTFO. Esta obtenci\u00f3n se reflejar\u00e1 con una insignia digital <strong>Credly<\/strong>, validando tus competencias.<span style=\"color: rgb(76, 76, 76); font-family: Roboto, sans-serif; font-size: 17px; letter-spacing: 0px; white-space-collapse: preserve;\"><\/span><\/p><\/div>\t\t\t\t\t<\/p>\n\t\t\t\t\t\t\t<\/div>\n\t\t<\/div>\n\t\t\t\t<\/div>\n\t\t\t\t<\/div>\n\t\t\t\t\t<\/div>\n\t\t<\/div>\n\t\t\t\t\t\t\t<\/div>\n\t\t<\/section>\n\t\t\t\t\t\t<\/div>\n\t\t\t\t\t<\/div>\n\t\t","protected":false},"excerpt":{"rendered":"<p>La certificaci\u00f3n Certificaci\u00f3n Trust-Formation Officer Se trata de la primera certificaci\u00f3n espa\u00f1ola dirigida al CISO, cuyo desarrollo inicial (2021-2025) permiti\u00f3 evaluar y fortalecer las competencias clave de la figura del Director de Seguridad de la Informaci\u00f3n en un contexto de negocio y tecnolog\u00eda en constante cambio. La certificaci\u00f3n toma un rumbo\u00a0en el que incorpora un &#8230; <a title=\"La certificaci\u00f3n\" class=\"read-more\" href=\"https:\/\/nextgenciso-academy.es\/?page_id=16\" aria-label=\"M\u00e1s en La certificaci\u00f3n\">Leer m\u00e1s<\/a><\/p>\n","protected":false},"author":1,"featured_media":0,"parent":0,"menu_order":0,"comment_status":"closed","ping_status":"closed","template":"","meta":[],"_links":{"self":[{"href":"https:\/\/nextgenciso-academy.es\/index.php?rest_route=\/wp\/v2\/pages\/16"}],"collection":[{"href":"https:\/\/nextgenciso-academy.es\/index.php?rest_route=\/wp\/v2\/pages"}],"about":[{"href":"https:\/\/nextgenciso-academy.es\/index.php?rest_route=\/wp\/v2\/types\/page"}],"author":[{"embeddable":true,"href":"https:\/\/nextgenciso-academy.es\/index.php?rest_route=\/wp\/v2\/users\/1"}],"replies":[{"embeddable":true,"href":"https:\/\/nextgenciso-academy.es\/index.php?rest_route=%2Fwp%2Fv2%2Fcomments&post=16"}],"version-history":[{"count":65,"href":"https:\/\/nextgenciso-academy.es\/index.php?rest_route=\/wp\/v2\/pages\/16\/revisions"}],"predecessor-version":[{"id":530,"href":"https:\/\/nextgenciso-academy.es\/index.php?rest_route=\/wp\/v2\/pages\/16\/revisions\/530"}],"wp:attachment":[{"href":"https:\/\/nextgenciso-academy.es\/index.php?rest_route=%2Fwp%2Fv2%2Fmedia&parent=16"}],"curies":[{"name":"wp","href":"https:\/\/api.w.org\/{rel}","templated":true}]}}