{"id":48,"date":"2021-08-25T08:55:24","date_gmt":"2021-08-25T08:55:24","guid":{"rendered":"https:\/\/nextgenciso-academy.es\/?page_id=48"},"modified":"2026-01-13T11:57:18","modified_gmt":"2026-01-13T11:57:18","slug":"home","status":"publish","type":"page","link":"https:\/\/nextgenciso-academy.es\/","title":{"rendered":"Home"},"content":{"rendered":"\t\t<div data-elementor-type=\"wp-page\" data-elementor-id=\"48\" class=\"elementor elementor-48\" data-elementor-settings=\"[]\">\n\t\t\t\t\t\t\t<div class=\"elementor-section-wrap\">\n\t\t\t\t\t\t\t<section class=\"elementor-section elementor-top-section elementor-element elementor-element-6f4eb10 elementor-section-stretched elementor-section-boxed elementor-section-height-default elementor-section-height-default\" data-id=\"6f4eb10\" data-element_type=\"section\" data-settings=\"{&quot;stretch_section&quot;:&quot;section-stretched&quot;}\">\n\t\t\t\t\t\t<div class=\"elementor-container elementor-column-gap-default\">\n\t\t\t\t\t<div class=\"elementor-column elementor-col-100 elementor-top-column elementor-element elementor-element-c2a288c\" data-id=\"c2a288c\" data-element_type=\"column\">\n\t\t\t<div class=\"elementor-widget-wrap elementor-element-populated\">\n\t\t\t\t\t\t\t\t<div class=\"elementor-element elementor-element-585debe elementor-arrows-position-inside elementor-pagination-position-outside elementor-widget elementor-widget-image-carousel\" data-id=\"585debe\" data-element_type=\"widget\" data-settings=\"{&quot;slides_to_show&quot;:&quot;1&quot;,&quot;speed&quot;:460,&quot;navigation&quot;:&quot;both&quot;,&quot;autoplay&quot;:&quot;yes&quot;,&quot;pause_on_hover&quot;:&quot;yes&quot;,&quot;pause_on_interaction&quot;:&quot;yes&quot;,&quot;autoplay_speed&quot;:5000,&quot;infinite&quot;:&quot;yes&quot;,&quot;effect&quot;:&quot;slide&quot;}\" data-widget_type=\"image-carousel.default\">\n\t\t\t\t<div class=\"elementor-widget-container\">\n\t\t\t<style>\/*! elementor - v3.5.4 - 23-01-2022 *\/\n.elementor-widget-image-carousel .swiper-container{position:static}.elementor-widget-image-carousel .swiper-container .swiper-slide figure{line-height:inherit}.elementor-widget-image-carousel .swiper-slide{text-align:center}.elementor-image-carousel-wrapper:not(.swiper-container-initialized) .swiper-slide{max-width:calc(100% \/ var(--e-image-carousel-slides-to-show, 3))}<\/style>\t\t<div class=\"elementor-image-carousel-wrapper swiper-container\" dir=\"ltr\">\n\t\t\t<div class=\"elementor-image-carousel swiper-wrapper swiper-image-stretch\">\n\t\t\t\t\t\t\t\t<div class=\"swiper-slide\"><figure class=\"swiper-slide-inner\"><img class=\"swiper-slide-image\" src=\"https:\/\/nextgenciso-academy.es\/wp-content\/uploads\/2021\/09\/Banner_CISO_Academy_Linkedin_3.png\" alt=\"Banner_CISO_Academy_Linkedin_3\" \/><\/figure><\/div>\t\t\t<\/div>\n\t\t\t\t\t<\/div>\n\t\t\t\t<\/div>\n\t\t\t\t<\/div>\n\t\t\t\t\t<\/div>\n\t\t<\/div>\n\t\t\t\t\t\t\t<\/div>\n\t\t<\/section>\n\t\t\t\t<section class=\"elementor-section elementor-top-section elementor-element elementor-element-409a8b28 elementor-section-content-middle elementor-reverse-mobile elementor-section-boxed elementor-section-height-default elementor-section-height-default\" data-id=\"409a8b28\" data-element_type=\"section\" data-settings=\"{&quot;background_background&quot;:&quot;classic&quot;}\">\n\t\t\t\t\t\t<div class=\"elementor-container elementor-column-gap-no\">\n\t\t\t\t\t<div class=\"elementor-column elementor-col-50 elementor-top-column elementor-element elementor-element-2b97f06f\" data-id=\"2b97f06f\" data-element_type=\"column\">\n\t\t\t<div class=\"elementor-widget-wrap elementor-element-populated\">\n\t\t\t\t\t\t\t\t<div class=\"elementor-element elementor-element-438dd8f6 elementor-widget elementor-widget-heading\" data-id=\"438dd8f6\" data-element_type=\"widget\" data-widget_type=\"heading.default\">\n\t\t\t\t<div class=\"elementor-widget-container\">\n\t\t\t<style>\/*! elementor - v3.5.4 - 23-01-2022 *\/\n.elementor-heading-title{padding:0;margin:0;line-height:1}.elementor-widget-heading .elementor-heading-title[class*=elementor-size-]>a{color:inherit;font-size:inherit;line-height:inherit}.elementor-widget-heading .elementor-heading-title.elementor-size-small{font-size:15px}.elementor-widget-heading .elementor-heading-title.elementor-size-medium{font-size:19px}.elementor-widget-heading .elementor-heading-title.elementor-size-large{font-size:29px}.elementor-widget-heading .elementor-heading-title.elementor-size-xl{font-size:39px}.elementor-widget-heading .elementor-heading-title.elementor-size-xxl{font-size:59px}<\/style><h4 class=\"elementor-heading-title elementor-size-default\">Certificaci\u00f3n \nTrust-Formation Officer<\/h4>\t\t<\/div>\n\t\t\t\t<\/div>\n\t\t\t\t<div class=\"elementor-element elementor-element-3afd7ce1 elementor-widget elementor-widget-text-editor\" data-id=\"3afd7ce1\" data-element_type=\"widget\" data-widget_type=\"text-editor.default\">\n\t\t\t\t<div class=\"elementor-widget-container\">\n\t\t\t<style>\/*! elementor - v3.5.4 - 23-01-2022 *\/\n.elementor-widget-text-editor.elementor-drop-cap-view-stacked .elementor-drop-cap{background-color:#818a91;color:#fff}.elementor-widget-text-editor.elementor-drop-cap-view-framed .elementor-drop-cap{color:#818a91;border:3px solid;background-color:transparent}.elementor-widget-text-editor:not(.elementor-drop-cap-view-default) .elementor-drop-cap{margin-top:8px}.elementor-widget-text-editor:not(.elementor-drop-cap-view-default) .elementor-drop-cap-letter{width:1em;height:1em}.elementor-widget-text-editor .elementor-drop-cap{float:left;text-align:center;line-height:1;font-size:50px}.elementor-widget-text-editor .elementor-drop-cap-letter{display:inline-block}<\/style>\t\t\t\t<p><span style=\"background-color: rgba(2, 1, 1, 0);\">Tras cinco a\u00f1os de \u00e9xito impulsando la capacitaci\u00f3n y fortaleciendo competencias clave de la figura del CISO para su empoderamiento durante el periodo 2021-2025, <strong>ISMS Forum actualiza la Certificaci\u00f3n Trust-Formation Officer (CTFO)<\/strong> para adaptarla al nuevo contexto tecnol\u00f3gico y de negocio, integrando tendencias decisivas como la <\/span><strong style=\"background-color: rgba(2, 1, 1, 0);\" data-start=\"523\" data-end=\"550\">Inteligencia Artificial<\/strong><span style=\"background-color: rgba(2, 1, 1, 0);\">, nuevos riesgos y necesidades del mercado.<\/span><\/p>\n<h4><span style=\"background-color: rgba(2, 1, 1, 0);\"><strong>\u00bfQu\u00e9 cambia?<\/strong><\/span><\/h4>\n<p><b><span style=\"background-color: rgba(2, 1, 1, 0);\">&nbsp;<\/span><span style=\"background-color: rgba(2, 1, 1, 0);\">Nuevo m\u00f3dulo principal: IA aplicada a la ciberseguridad (m\u00f3dulo n\u00ba6).<\/span><\/b><\/p>\n<div style=\"font-family: 'Segoe UI'; font-size: 14px; line-height: 20px;\">\n<ul>\n<li>\u2705&nbsp;<span style=\"font-family: Roboto, sans-serif; font-size: 15px;\">Si ya completaste el m\u00f3dulo, no tendr\u00e1s que repetirlo, solo entregar el trabajo asociado.<\/span><\/li>\n<\/ul>\n<ul>\n<li><span style=\"font-family: Roboto, sans-serif; font-size: 15px;\">\ud83d\udd04<\/span>&nbsp;<span style=\"font-family: Roboto, sans-serif; font-size: 15px;\">Si no lo hiciste, deber\u00e1s completar las 3 acciones (formaci\u00f3n, examen y trabajo modular) para actualizar tu certificaci\u00f3n.<\/span><\/li>\n<\/ul>\n<\/div>\n<div style=\"font-family: 'Segoe UI'; font-size: 14px; line-height: 20px;\">\n<h4><span style=\"font-weight: 700; background-color: rgba(2, 1, 1, 0); font-family: Roboto, sans-serif;\">Nueva insignia digital<\/span><\/h4>\n<ul>\n<li><span style=\"background-color: rgba(2, 1, 1, 0);\"><span style=\"font-family: Roboto, sans-serif; font-size: 15px;\">Dise\u00f1o renovado.&nbsp;<\/span><\/span><\/li>\n<li><span style=\"font-family: Roboto, sans-serif; font-size: 15px;\">Integraci\u00f3n con Credly para dar visibilidad y reconocimiento.&nbsp;<\/span><\/li>\n<li><span style=\"font-family: Roboto, sans-serif; font-size: 15px;\">Eliminaci\u00f3n de la versi\u00f3n anterior para evitar confusi\u00f3n.<br><br><\/span><\/li>\n<\/ul>\n<\/div>\n<p><span style=\"background-color: rgba(2, 1, 1, 0);\">Esta actualizaci\u00f3n est\u00e1 dise\u00f1ada para proporcionar&nbsp;<\/span>competencias pr\u00e1cticas, actuales y altamente demandadas en<span data-start=\"645\" data-end=\"747\" style=\"font-weight: 700; background-color: rgba(2, 1, 1, 0);\">&nbsp;ciberseguridad y liderazgo estrat\u00e9gico<\/span><span style=\"background-color: rgba(2, 1, 1, 0);\">.<\/span><\/p><p><span style=\"background-color: rgba(2, 1, 1, 0);\">La obtenci\u00f3n de la certificaci\u00f3n valida competencias profesionales a trav\u00e9s de <\/span><strong>seis m\u00f3dulos<\/strong><span style=\"background-color: rgba(2, 1, 1, 0);\"> independientes y cuya superaci\u00f3n implica el reconocimiento de cada uno de los bloques formativos:<\/span><\/p>\n<p>\ud83d\udd39 <strong data-start=\"1529\" data-end=\"1550\">1. Cloud Cybersecurity<\/strong><br data-start=\"1550\" data-end=\"1553\">\ud83d\udd39 <strong data-start=\"1559\" data-end=\"1615\">2. Continuidad de Negocio<\/strong><br data-start=\"1615\" data-end=\"1618\">\ud83d\udd39 <strong data-start=\"1624\" data-end=\"1660\">3. Transformaci\u00f3n Digital<\/strong><br data-start=\"1660\" data-end=\"1663\">\ud83d\udd39 <strong data-start=\"1669\" data-end=\"1711\">4. GRC (Gobierno, Riesgo y Cumplimiento)<\/strong><br data-start=\"1711\" data-end=\"1714\">\ud83d\udd39 <strong>5. CISO C-Level Soft Skills<br>\ud83d\udd39 6.&nbsp;Inteligencia Artificial y Cibersegurida<br data-start=\"1785\" data-end=\"1788\"><\/strong><\/p>\t\t\t\t\t\t<\/div>\n\t\t\t\t<\/div>\n\t\t\t\t<div class=\"elementor-element elementor-element-19d53990 elementor-widget elementor-widget-button\" data-id=\"19d53990\" data-element_type=\"widget\" data-widget_type=\"button.default\">\n\t\t\t\t<div class=\"elementor-widget-container\">\n\t\t\t\t\t<div class=\"elementor-button-wrapper\">\n\t\t\t<a href=\"#\" class=\"elementor-button-link elementor-button elementor-size-sm elementor-animation-grow\" role=\"button\">\n\t\t\t\t\t\t<span class=\"elementor-button-content-wrapper\">\n\t\t\t\t\t\t<span class=\"elementor-button-text\">M\u00e1s informaci\u00f3n<\/span>\n\t\t<\/span>\n\t\t\t\t\t<\/a>\n\t\t<\/div>\n\t\t\t\t<\/div>\n\t\t\t\t<\/div>\n\t\t\t\t\t<\/div>\n\t\t<\/div>\n\t\t\t\t<div class=\"elementor-column elementor-col-50 elementor-top-column elementor-element elementor-element-45066016\" data-id=\"45066016\" data-element_type=\"column\">\n\t\t\t<div class=\"elementor-widget-wrap elementor-element-populated\">\n\t\t\t\t\t\t\t\t<div class=\"elementor-element elementor-element-3ade365f elementor-widget elementor-widget-image\" data-id=\"3ade365f\" data-element_type=\"widget\" data-widget_type=\"image.default\">\n\t\t\t\t<div class=\"elementor-widget-container\">\n\t\t\t<style>\/*! elementor - v3.5.4 - 23-01-2022 *\/\n.elementor-widget-image{text-align:center}.elementor-widget-image a{display:inline-block}.elementor-widget-image a img[src$=\".svg\"]{width:48px}.elementor-widget-image img{vertical-align:middle;display:inline-block}<\/style>\t\t\t\t\t\t\t\t\t\t\t\t<img width=\"600\" height=\"600\" src=\"https:\/\/nextgenciso-academy.es\/wp-content\/uploads\/2026\/01\/insignia-tfoc.png\" class=\"attachment-full size-full\" alt=\"\" loading=\"lazy\" srcset=\"https:\/\/nextgenciso-academy.es\/wp-content\/uploads\/2026\/01\/insignia-tfoc.png 600w, https:\/\/nextgenciso-academy.es\/wp-content\/uploads\/2026\/01\/insignia-tfoc-300x300.png 300w, https:\/\/nextgenciso-academy.es\/wp-content\/uploads\/2026\/01\/insignia-tfoc-150x150.png 150w\" sizes=\"(max-width: 600px) 100vw, 600px\" \/>\t\t\t\t\t\t\t\t\t\t\t\t\t\t\t<\/div>\n\t\t\t\t<\/div>\n\t\t\t\t\t<\/div>\n\t\t<\/div>\n\t\t\t\t\t\t\t<\/div>\n\t\t<\/section>\n\t\t\t\t<section class=\"elementor-section elementor-top-section elementor-element elementor-element-1bc26263 elementor-section-content-middle elementor-section-boxed elementor-section-height-default elementor-section-height-default\" data-id=\"1bc26263\" data-element_type=\"section\">\n\t\t\t\t\t\t<div class=\"elementor-container elementor-column-gap-no\">\n\t\t\t\t\t<div class=\"elementor-column elementor-col-50 elementor-top-column elementor-element elementor-element-2265e620\" data-id=\"2265e620\" data-element_type=\"column\">\n\t\t\t<div class=\"elementor-widget-wrap elementor-element-populated\">\n\t\t\t\t\t\t\t\t<div class=\"elementor-element elementor-element-2650f6aa elementor-widget elementor-widget-image\" data-id=\"2650f6aa\" data-element_type=\"widget\" data-widget_type=\"image.default\">\n\t\t\t\t<div class=\"elementor-widget-container\">\n\t\t\t\t\t\t\t\t\t\t\t\t\t\t\t<img width=\"590\" height=\"400\" src=\"https:\/\/nextgenciso-academy.es\/wp-content\/uploads\/2021\/08\/qr2.jpg\" class=\"attachment-full size-full\" alt=\"\" loading=\"lazy\" srcset=\"https:\/\/nextgenciso-academy.es\/wp-content\/uploads\/2021\/08\/qr2.jpg 590w, https:\/\/nextgenciso-academy.es\/wp-content\/uploads\/2021\/08\/qr2-300x203.jpg 300w\" sizes=\"(max-width: 590px) 100vw, 590px\" \/>\t\t\t\t\t\t\t\t\t\t\t\t\t\t\t<\/div>\n\t\t\t\t<\/div>\n\t\t\t\t\t<\/div>\n\t\t<\/div>\n\t\t\t\t<div class=\"elementor-column elementor-col-50 elementor-top-column elementor-element elementor-element-39ac690b\" data-id=\"39ac690b\" data-element_type=\"column\">\n\t\t\t<div class=\"elementor-widget-wrap elementor-element-populated\">\n\t\t\t\t\t\t\t\t<div class=\"elementor-element elementor-element-5f4a7256 elementor-widget elementor-widget-heading\" data-id=\"5f4a7256\" data-element_type=\"widget\" data-widget_type=\"heading.default\">\n\t\t\t\t<div class=\"elementor-widget-container\">\n\t\t\t<h4 class=\"elementor-heading-title elementor-size-default\">CISO Academy<\/h4>\t\t<\/div>\n\t\t\t\t<\/div>\n\t\t\t\t<div class=\"elementor-element elementor-element-7b967af6 elementor-widget elementor-widget-text-editor\" data-id=\"7b967af6\" data-element_type=\"widget\" data-widget_type=\"text-editor.default\">\n\t\t\t\t<div class=\"elementor-widget-container\">\n\t\t\t\t\t\t\t<p><span style=\"color: #000000;\">Se trata de una iniciativa de valor centrada en el\u00a0<span style=\"font-weight: bold;\">empoderamiento de la figura profesional del CISO<\/span><\/span><span style=\"color: #000000; font-family: var( --e-global-typography-text-font-family ), Sans-serif; font-weight: var( --e-global-typography-text-font-weight );\">\u00a0y cuyo objetivo principal es el establecimiento de un escenario formativo pr\u00e1ctico que permita su\u00a0<span style=\"font-weight: bold;\">formaci\u00f3n y actualizaci\u00f3n continua<\/span>, mejorando asimismo su posici\u00f3n e interlocuci\u00f3n interna con el C-Level de la organizaci\u00f3n.<\/span><\/p><p><span style=\"color: #000000; font-family: var( --e-global-typography-text-font-family ), Sans-serif; font-weight: var( --e-global-typography-text-font-weight );\">El programa formativo capacita a los responsables de seguridad de la informaci\u00f3n para alinear la ciberseguridad con las prioridades reales del negocio, abordar con criterio el impacto de tecnolog\u00edas emergentes y responder eficazmente a un entorno regulatorio cada vez m\u00e1s exigente.<\/span><\/p>\t\t\t\t\t\t<\/div>\n\t\t\t\t<\/div>\n\t\t\t\t<div class=\"elementor-element elementor-element-79ecdcb elementor-widget elementor-widget-button\" data-id=\"79ecdcb\" data-element_type=\"widget\" data-widget_type=\"button.default\">\n\t\t\t\t<div class=\"elementor-widget-container\">\n\t\t\t\t\t<div class=\"elementor-button-wrapper\">\n\t\t\t<a href=\"https:\/\/nextgenciso-academy.es\/?page_id=18\" class=\"elementor-button-link elementor-button elementor-size-sm\" role=\"button\">\n\t\t\t\t\t\t<span class=\"elementor-button-content-wrapper\">\n\t\t\t\t\t\t<span class=\"elementor-button-text\">M\u00e1s informaci\u00f3n<\/span>\n\t\t<\/span>\n\t\t\t\t\t<\/a>\n\t\t<\/div>\n\t\t\t\t<\/div>\n\t\t\t\t<\/div>\n\t\t\t\t\t<\/div>\n\t\t<\/div>\n\t\t\t\t\t\t\t<\/div>\n\t\t<\/section>\n\t\t\t\t<section class=\"elementor-section elementor-top-section elementor-element elementor-element-79f9848 elementor-section-boxed elementor-section-height-default elementor-section-height-default\" data-id=\"79f9848\" data-element_type=\"section\">\n\t\t\t\t\t\t<div class=\"elementor-container elementor-column-gap-default\">\n\t\t\t\t\t<div class=\"elementor-column elementor-col-100 elementor-top-column elementor-element elementor-element-0d1f75c\" data-id=\"0d1f75c\" data-element_type=\"column\">\n\t\t\t<div class=\"elementor-widget-wrap elementor-element-populated\">\n\t\t\t\t\t\t\t\t<div class=\"elementor-element elementor-element-372eb68 elementor-widget elementor-widget-heading\" data-id=\"372eb68\" data-element_type=\"widget\" data-widget_type=\"heading.default\">\n\t\t\t\t<div class=\"elementor-widget-container\">\n\t\t\t<h5 class=\"elementor-heading-title elementor-size-default\">Organiza<\/h5>\t\t<\/div>\n\t\t\t\t<\/div>\n\t\t\t\t\t<\/div>\n\t\t<\/div>\n\t\t\t\t\t\t\t<\/div>\n\t\t<\/section>\n\t\t\t\t<section class=\"elementor-section elementor-top-section elementor-element elementor-element-4a54dfb elementor-section-boxed elementor-section-height-default elementor-section-height-default\" data-id=\"4a54dfb\" data-element_type=\"section\">\n\t\t\t\t\t\t<div class=\"elementor-container elementor-column-gap-default\">\n\t\t\t\t\t<div class=\"elementor-column elementor-col-100 elementor-top-column elementor-element elementor-element-78a7731\" data-id=\"78a7731\" data-element_type=\"column\">\n\t\t\t<div class=\"elementor-widget-wrap elementor-element-populated\">\n\t\t\t\t\t\t\t\t<div class=\"elementor-element elementor-element-fdbf0b9 elementor-widget elementor-widget-image\" data-id=\"fdbf0b9\" data-element_type=\"widget\" data-widget_type=\"image.default\">\n\t\t\t\t<div class=\"elementor-widget-container\">\n\t\t\t\t\t\t\t\t\t\t\t\t\t\t\t<img width=\"300\" height=\"85\" src=\"https:\/\/nextgenciso-academy.es\/wp-content\/uploads\/2021\/08\/Logo_ISMS_Forum_2020_RGB_Positivo_Denominacion-300x85.png\" class=\"attachment-medium size-medium\" alt=\"\" loading=\"lazy\" srcset=\"https:\/\/nextgenciso-academy.es\/wp-content\/uploads\/2021\/08\/Logo_ISMS_Forum_2020_RGB_Positivo_Denominacion-300x85.png 300w, https:\/\/nextgenciso-academy.es\/wp-content\/uploads\/2021\/08\/Logo_ISMS_Forum_2020_RGB_Positivo_Denominacion-1024x291.png 1024w, https:\/\/nextgenciso-academy.es\/wp-content\/uploads\/2021\/08\/Logo_ISMS_Forum_2020_RGB_Positivo_Denominacion-768x218.png 768w, https:\/\/nextgenciso-academy.es\/wp-content\/uploads\/2021\/08\/Logo_ISMS_Forum_2020_RGB_Positivo_Denominacion.png 1247w\" sizes=\"(max-width: 300px) 100vw, 300px\" \/>\t\t\t\t\t\t\t\t\t\t\t\t\t\t\t<\/div>\n\t\t\t\t<\/div>\n\t\t\t\t\t<\/div>\n\t\t<\/div>\n\t\t\t\t\t\t\t<\/div>\n\t\t<\/section>\n\t\t\t\t\t\t<\/div>\n\t\t\t\t\t<\/div>\n\t\t","protected":false},"excerpt":{"rendered":"<p>Certificaci\u00f3n Trust-Formation Officer Tras cinco a\u00f1os de \u00e9xito impulsando la capacitaci\u00f3n y fortaleciendo competencias clave de la figura del CISO para su empoderamiento durante el periodo 2021-2025, ISMS Forum actualiza la Certificaci\u00f3n Trust-Formation Officer (CTFO) para adaptarla al nuevo contexto tecnol\u00f3gico y de negocio, integrando tendencias decisivas como la Inteligencia Artificial, nuevos riesgos y necesidades &#8230; <a title=\"Home\" class=\"read-more\" href=\"https:\/\/nextgenciso-academy.es\/\" aria-label=\"M\u00e1s en Home\">Leer m\u00e1s<\/a><\/p>\n","protected":false},"author":1,"featured_media":0,"parent":0,"menu_order":0,"comment_status":"closed","ping_status":"closed","template":"","meta":[],"_links":{"self":[{"href":"https:\/\/nextgenciso-academy.es\/index.php?rest_route=\/wp\/v2\/pages\/48"}],"collection":[{"href":"https:\/\/nextgenciso-academy.es\/index.php?rest_route=\/wp\/v2\/pages"}],"about":[{"href":"https:\/\/nextgenciso-academy.es\/index.php?rest_route=\/wp\/v2\/types\/page"}],"author":[{"embeddable":true,"href":"https:\/\/nextgenciso-academy.es\/index.php?rest_route=\/wp\/v2\/users\/1"}],"replies":[{"embeddable":true,"href":"https:\/\/nextgenciso-academy.es\/index.php?rest_route=%2Fwp%2Fv2%2Fcomments&post=48"}],"version-history":[{"count":118,"href":"https:\/\/nextgenciso-academy.es\/index.php?rest_route=\/wp\/v2\/pages\/48\/revisions"}],"predecessor-version":[{"id":554,"href":"https:\/\/nextgenciso-academy.es\/index.php?rest_route=\/wp\/v2\/pages\/48\/revisions\/554"}],"wp:attachment":[{"href":"https:\/\/nextgenciso-academy.es\/index.php?rest_route=%2Fwp%2Fv2%2Fmedia&parent=48"}],"curies":[{"name":"wp","href":"https:\/\/api.w.org\/{rel}","templated":true}]}}